{"id":1436,"date":"2025-07-31T17:02:40","date_gmt":"2025-07-31T22:02:40","guid":{"rendered":"https:\/\/santaceciliahotel.com.co\/?page_id=1436"},"modified":"2025-10-07T18:46:45","modified_gmt":"2025-10-07T23:46:45","slug":"destinos","status":"publish","type":"page","link":"https:\/\/santaceciliahotel.com.co\/en\/destinos\/","title":{"rendered":"Destinations"},"content":{"rendered":"\t\t<div data-elementor-type=\"wp-page\" data-elementor-id=\"1436\" class=\"elementor elementor-1436\" data-elementor-post-type=\"page\">\n\t\t\t\t<div class=\"elementor-element elementor-element-2e656330 e-con-full e-flex elementor-invisible e-con e-parent\" data-id=\"2e656330\" data-element_type=\"container\" data-e-type=\"container\" data-settings=\"{&quot;background_background&quot;:&quot;slideshow&quot;,&quot;animation&quot;:&quot;fadeIn&quot;,&quot;background_slideshow_gallery&quot;:[{&quot;id&quot;:528,&quot;url&quot;:&quot;https:\\\/\\\/santaceciliahotel.com.co\\\/wp-content\\\/uploads\\\/2024\\\/08\\\/Rectangle.png&quot;}],&quot;background_slideshow_transition_duration&quot;:900,&quot;background_slideshow_slide_duration&quot;:5000,&quot;background_slideshow_slide_transition&quot;:&quot;fade&quot;}\">\n\t\t\t\t<div class=\"elementor-element elementor-element-77bbda00 elementor-widget elementor-widget-heading\" data-id=\"77bbda00\" data-element_type=\"widget\" data-e-type=\"widget\" data-widget_type=\"heading.default\">\n\t\t\t\t<div class=\"elementor-widget-container\">\n\t\t\t\t\t<h1 class=\"elementor-heading-title elementor-size-default\">Destinos <\/h1>\t\t\t\t<\/div>\n\t\t\t\t<\/div>\n\t\t\t\t<div class=\"elementor-element elementor-element-1c64df83 elementor-widget elementor-widget-heading\" data-id=\"1c64df83\" data-element_type=\"widget\" data-e-type=\"widget\" data-widget_type=\"heading.default\">\n\t\t\t\t<div class=\"elementor-widget-container\">\n\t\t\t\t\t<h5 class=\"elementor-heading-title elementor-size-default\">Cartagena de Indias, ciudad Patrimonio de la humanidad, es una maravilla arquitect\u00f3nica, cultural, art\u00edstica. Disfruta sus 491 a\u00f1os de historia, admirando sus calles coloniales, entremezcladas con palacios de estilo andaluz, edificios republicanos y el conjunto de fortificaciones m\u00e1s completo de toda Sudam\u00e9rica. <\/h5>\t\t\t\t<\/div>\n\t\t\t\t<\/div>\n\t\t\t\t<\/div>\n\t\t<div class=\"elementor-element elementor-element-58e46a6 e-con-full animated-fast e-flex elementor-invisible e-con e-parent\" data-id=\"58e46a6\" data-element_type=\"container\" data-e-type=\"container\" data-settings=\"{&quot;background_background&quot;:&quot;classic&quot;,&quot;animation&quot;:&quot;fadeIn&quot;}\">\n\t\t<div class=\"elementor-element elementor-element-62ff5a9e e-con-full e-flex e-con e-child\" data-id=\"62ff5a9e\" data-element_type=\"container\" data-e-type=\"container\">\n\t\t<div class=\"elementor-element elementor-element-73c8f102 e-grid e-con-full e-con e-child\" data-id=\"73c8f102\" data-element_type=\"container\" data-e-type=\"container\">\n\t\t\t\t<div class=\"elementor-element elementor-element-2a72317e elementor-widget elementor-widget-image\" data-id=\"2a72317e\" data-element_type=\"widget\" data-e-type=\"widget\" data-widget_type=\"image.default\">\n\t\t\t\t<div class=\"elementor-widget-container\">\n\t\t\t\t\t\t\t\t\t\t\t\t\t\t\t<img decoding=\"async\" src=\"https:\/\/santaceciliahotel.com.co\/wp-content\/uploads\/elementor\/thumbs\/Balcones-centro-historico-Hotel-Santa-Cecilia-Cartagena--ra5k15oyzca9qef7oziitmkyh4ckme9658gllv49w0.webp\" title=\"Balcones centro historico &#8211; Hotel Santa Cecilia Cartagena\" alt=\"Balcones centro historico - Hotel Santa Cecilia Cartagena\" loading=\"lazy\" \/>\t\t\t\t\t\t\t\t\t\t\t\t\t\t\t<\/div>\n\t\t\t\t<\/div>\n\t\t\t\t<\/div>\n\t\t\t\t<\/div>\n\t\t<div class=\"elementor-element elementor-element-10cbab4c e-con-full e-flex e-con e-child\" data-id=\"10cbab4c\" data-element_type=\"container\" data-e-type=\"container\">\n\t\t\t\t<div class=\"elementor-element elementor-element-6fb120ce elementor-cta--layout-image-right elementor-cta--valign-middle elementor-cta--mobile-layout-image-above elementor-cta--skin-classic elementor-animated-content elementor-widget elementor-widget-call-to-action\" data-id=\"6fb120ce\" data-element_type=\"widget\" data-e-type=\"widget\" data-widget_type=\"call-to-action.default\">\n\t\t\t\t<div class=\"elementor-widget-container\">\n\t\t\t\t\t\t\t<div class=\"elementor-cta\">\n\t\t\t\t\t\t\t<div class=\"elementor-cta__content\">\n\t\t\t\t\n\t\t\t\t\t\t\t\t\t<h2 class=\"elementor-cta__title elementor-cta__content-item elementor-content-item\">\n\t\t\t\t\t\tCiudad Amurallada\t\t\t\t\t<\/h2>\n\t\t\t\t\n\t\t\t\t\t\t\t\t\t<div class=\"elementor-cta__description elementor-cta__content-item elementor-content-item\">\n\t\t\t\t\t\tLa Ciudad Amurallada de Cartagena, en la costa caribe\u00f1a de Colombia, es una maravilla arquitect\u00f3nica y cultural que transporta al pasado. Esta ciudad hist\u00f3rica, declarada patrimonio de la Humanidad por la UNESCO, es un lugar encantador donde la historia, el arte y la belleza natural se funden para crear una experiencia inolvidable para viajeros de todo el mundo.\t\t\t\t\t<\/div>\n\t\t\t\t\n\t\t\t\t\t\t\t<\/div>\n\t\t\t\t\t\t<\/div>\n\t\t\t\t\t\t<\/div>\n\t\t\t\t<\/div>\n\t\t\t\t<\/div>\n\t\t\t\t<\/div>\n\t\t<div class=\"elementor-element elementor-element-3eee3731 e-con-full animated-fast e-flex elementor-invisible e-con e-parent\" data-id=\"3eee3731\" data-element_type=\"container\" data-e-type=\"container\" data-settings=\"{&quot;background_background&quot;:&quot;classic&quot;,&quot;animation&quot;:&quot;fadeIn&quot;}\">\n\t\t<div class=\"elementor-element elementor-element-1ee83335 e-con-full e-flex e-con e-child\" data-id=\"1ee83335\" data-element_type=\"container\" data-e-type=\"container\">\n\t\t\t\t<div class=\"elementor-element elementor-element-3a61de39 elementor-cta--layout-image-right elementor-cta--valign-middle elementor-cta--mobile-layout-image-above elementor-cta--skin-classic elementor-animated-content elementor-widget elementor-widget-call-to-action\" data-id=\"3a61de39\" data-element_type=\"widget\" data-e-type=\"widget\" data-widget_type=\"call-to-action.default\">\n\t\t\t\t<div class=\"elementor-widget-container\">\n\t\t\t\t\t\t\t<div class=\"elementor-cta\">\n\t\t\t\t\t\t\t<div class=\"elementor-cta__content\">\n\t\t\t\t\n\t\t\t\t\t\t\t\t\t<h2 class=\"elementor-cta__title elementor-cta__content-item elementor-content-item\">\n\t\t\t\t\t\tCastillo San Felipe de Barajas\t\t\t\t\t<\/h2>\n\t\t\t\t\n\t\t\t\t\t\t\t\t\t<div class=\"elementor-cta__description elementor-cta__content-item elementor-content-item\">\n\t\t\t\t\t\tEl Castillo San Felipe de Barajas, en Cartagena, es una imponente fortaleza colonial construida en el siglo XVII para proteger la ciudad de invasiones. Considerado una obra maestra de ingenier\u00eda militar espa\u00f1ola, ofrece vistas panor\u00e1micas y una rica historia de defensa y resistencia.\t\t\t\t\t<\/div>\n\t\t\t\t\n\t\t\t\t\t\t\t<\/div>\n\t\t\t\t\t\t<\/div>\n\t\t\t\t\t\t<\/div>\n\t\t\t\t<\/div>\n\t\t\t\t<\/div>\n\t\t<div class=\"elementor-element elementor-element-2d9f3b58 e-con-full e-flex e-con e-child\" data-id=\"2d9f3b58\" data-element_type=\"container\" data-e-type=\"container\">\n\t\t\t\t<div class=\"elementor-element elementor-element-4e7d7d41 elementor-widget elementor-widget-image\" data-id=\"4e7d7d41\" data-element_type=\"widget\" data-e-type=\"widget\" data-widget_type=\"image.default\">\n\t\t\t\t<div class=\"elementor-widget-container\">\n\t\t\t\t\t\t\t\t\t\t\t\t\t\t\t<img decoding=\"async\" src=\"https:\/\/santaceciliahotel.com.co\/wp-content\/uploads\/2025\/07\/Castillo-San-Felipe-de-Barajas-Ganem-Suites-Cartagena-1.webp\" title=\"\" alt=\"\" loading=\"lazy\" \/>\t\t\t\t\t\t\t\t\t\t\t\t\t\t\t<\/div>\n\t\t\t\t<\/div>\n\t\t\t\t<\/div>\n\t\t\t\t<\/div>\n\t\t<div class=\"elementor-element elementor-element-793d0944 e-con-full animated-fast e-flex elementor-invisible e-con e-parent\" data-id=\"793d0944\" data-element_type=\"container\" data-e-type=\"container\" data-settings=\"{&quot;background_background&quot;:&quot;classic&quot;,&quot;animation&quot;:&quot;fadeIn&quot;}\">\n\t\t<div class=\"elementor-element elementor-element-21380353 e-con-full e-flex e-con e-child\" data-id=\"21380353\" data-element_type=\"container\" data-e-type=\"container\">\n\t\t\t\t<div class=\"elementor-element elementor-element-6f5589dc elementor-widget elementor-widget-image\" data-id=\"6f5589dc\" data-element_type=\"widget\" data-e-type=\"widget\" data-widget_type=\"image.default\">\n\t\t\t\t<div class=\"elementor-widget-container\">\n\t\t\t\t\t\t\t\t\t\t\t\t\t\t\t<img decoding=\"async\" src=\"https:\/\/santaceciliahotel.com.co\/wp-content\/uploads\/2025\/07\/Cerro-de-La-Popa-Ganem-Suites-2.webp\" title=\"\" alt=\"\" loading=\"lazy\" \/>\t\t\t\t\t\t\t\t\t\t\t\t\t\t\t<\/div>\n\t\t\t\t<\/div>\n\t\t\t\t<\/div>\n\t\t<div class=\"elementor-element elementor-element-73eca3c3 e-con-full e-flex e-con e-child\" data-id=\"73eca3c3\" data-element_type=\"container\" data-e-type=\"container\">\n\t\t\t\t<div class=\"elementor-element elementor-element-1bb11622 elementor-cta--layout-image-right elementor-cta--valign-middle elementor-cta--mobile-layout-image-above elementor-cta--skin-classic elementor-animated-content elementor-widget elementor-widget-call-to-action\" data-id=\"1bb11622\" data-element_type=\"widget\" data-e-type=\"widget\" data-widget_type=\"call-to-action.default\">\n\t\t\t\t<div class=\"elementor-widget-container\">\n\t\t\t\t\t\t\t<div class=\"elementor-cta\">\n\t\t\t\t\t\t\t<div class=\"elementor-cta__content\">\n\t\t\t\t\n\t\t\t\t\t\t\t\t\t<h2 class=\"elementor-cta__title elementor-cta__content-item elementor-content-item\">\n\t\t\t\t\t\tCerro de La Popa\t\t\t\t\t<\/h2>\n\t\t\t\t\n\t\t\t\t\t\t\t\t\t<div class=\"elementor-cta__description elementor-cta__content-item elementor-content-item\">\n\t\t\t\t\t\tLa mejor panor\u00e1mica de Cartagena se obtiene desde el Santuario Nuestra Se\u00f1ora de La Candelaria, situado en la cima del cerro de La Popa, que debe su nombre a la similitud que los navegantes encontraron en \u00e9l con la parte posterior de una embarcaci\u00f3n. El edificio, que fue construido en 1606 por los padres agustinos recoletos, guarda tesoros como el altar adornado con laminillas de oro y pinturas al \u00f3leo en el museo convento.\t\t\t\t\t<\/div>\n\t\t\t\t\n\t\t\t\t\t\t\t<\/div>\n\t\t\t\t\t\t<\/div>\n\t\t\t\t\t\t<\/div>\n\t\t\t\t<\/div>\n\t\t\t\t<\/div>\n\t\t\t\t<\/div>\n\t\t<div class=\"elementor-element elementor-element-6e0e5 e-con-full animated-fast e-flex elementor-invisible e-con e-parent\" data-id=\"6e0e5\" data-element_type=\"container\" data-e-type=\"container\" data-settings=\"{&quot;background_background&quot;:&quot;classic&quot;,&quot;animation&quot;:&quot;fadeIn&quot;}\">\n\t\t<div class=\"elementor-element elementor-element-5ae435cb e-con-full e-flex e-con e-child\" data-id=\"5ae435cb\" data-element_type=\"container\" data-e-type=\"container\">\n\t\t\t\t<div class=\"elementor-element elementor-element-6e890d31 elementor-cta--layout-image-right elementor-cta--valign-middle elementor-cta--mobile-layout-image-above elementor-cta--skin-classic elementor-animated-content elementor-widget elementor-widget-call-to-action\" data-id=\"6e890d31\" data-element_type=\"widget\" data-e-type=\"widget\" data-widget_type=\"call-to-action.default\">\n\t\t\t\t<div class=\"elementor-widget-container\">\n\t\t\t\t\t\t\t<div class=\"elementor-cta\">\n\t\t\t\t\t\t\t<div class=\"elementor-cta__content\">\n\t\t\t\t\n\t\t\t\t\t\t\t\t\t<h2 class=\"elementor-cta__title elementor-cta__content-item elementor-content-item\">\n\t\t\t\t\t\tIglesia Santuario San Pedro Claver\t\t\t\t\t<\/h2>\n\t\t\t\t\n\t\t\t\t\t\t\t\t\t<div class=\"elementor-cta__description elementor-cta__content-item elementor-content-item\">\n\t\t\t\t\t\tEs un lugar religioso representativo de la ciudad de Cartagena que fue construido entre 1580 y 1654, bajo los par\u00e1metros de las construcciones coloniales, con una arquitectura imponente. Encontrar\u00e1s arte, cultura e historia juntos en una de las iglesias preferidas para llevar a cabo las m\u00e1s hermosas bodas.\t\t\t\t\t<\/div>\n\t\t\t\t\n\t\t\t\t\t\t\t<\/div>\n\t\t\t\t\t\t<\/div>\n\t\t\t\t\t\t<\/div>\n\t\t\t\t<\/div>\n\t\t\t\t<\/div>\n\t\t<div class=\"elementor-element elementor-element-5a3bf331 e-con-full e-flex e-con e-child\" data-id=\"5a3bf331\" data-element_type=\"container\" data-e-type=\"container\">\n\t\t\t\t<div class=\"elementor-element elementor-element-608232c6 elementor-widget elementor-widget-image\" data-id=\"608232c6\" data-element_type=\"widget\" data-e-type=\"widget\" data-widget_type=\"image.default\">\n\t\t\t\t<div class=\"elementor-widget-container\">\n\t\t\t\t\t\t\t\t\t\t\t\t\t\t\t<img decoding=\"async\" src=\"https:\/\/santaceciliahotel.com.co\/wp-content\/uploads\/2024\/08\/Group-12.png\" title=\"\" alt=\"\" loading=\"lazy\" \/>\t\t\t\t\t\t\t\t\t\t\t\t\t\t\t<\/div>\n\t\t\t\t<\/div>\n\t\t\t\t<\/div>\n\t\t\t\t<\/div>\n\t\t<div class=\"elementor-element elementor-element-d007132 e-con-full animated-fast e-flex elementor-invisible e-con e-parent\" data-id=\"d007132\" data-element_type=\"container\" data-e-type=\"container\" data-settings=\"{&quot;background_background&quot;:&quot;classic&quot;,&quot;animation&quot;:&quot;fadeIn&quot;}\">\n\t\t<div class=\"elementor-element elementor-element-48ae4034 e-con-full e-flex e-con e-child\" data-id=\"48ae4034\" data-element_type=\"container\" data-e-type=\"container\">\n\t\t\t\t<div class=\"elementor-element elementor-element-2edada55 elementor-widget elementor-widget-image\" data-id=\"2edada55\" data-element_type=\"widget\" data-e-type=\"widget\" data-widget_type=\"image.default\">\n\t\t\t\t<div class=\"elementor-widget-container\">\n\t\t\t\t\t\t\t\t\t\t\t\t\t\t\t<img decoding=\"async\" src=\"https:\/\/santaceciliahotel.com.co\/wp-content\/uploads\/2024\/08\/Group-13.png\" title=\"\" alt=\"\" loading=\"lazy\" \/>\t\t\t\t\t\t\t\t\t\t\t\t\t\t\t<\/div>\n\t\t\t\t<\/div>\n\t\t\t\t<\/div>\n\t\t<div class=\"elementor-element elementor-element-31dc8290 e-con-full e-flex e-con e-child\" data-id=\"31dc8290\" data-element_type=\"container\" data-e-type=\"container\">\n\t\t\t\t<div class=\"elementor-element elementor-element-6462b453 elementor-cta--layout-image-right elementor-cta--valign-middle elementor-cta--mobile-layout-image-above elementor-cta--skin-classic elementor-animated-content elementor-widget elementor-widget-call-to-action\" data-id=\"6462b453\" data-element_type=\"widget\" data-e-type=\"widget\" data-widget_type=\"call-to-action.default\">\n\t\t\t\t<div class=\"elementor-widget-container\">\n\t\t\t\t\t\t\t<div class=\"elementor-cta\">\n\t\t\t\t\t\t\t<div class=\"elementor-cta__content\">\n\t\t\t\t\n\t\t\t\t\t\t\t\t\t<h2 class=\"elementor-cta__title elementor-cta__content-item elementor-content-item\">\n\t\t\t\t\t\tMonumento a la India Catalina\t\t\t\t\t<\/h2>\n\t\t\t\t\n\t\t\t\t\t\t\t\t\t<div class=\"elementor-cta__description elementor-cta__content-item elementor-content-item\">\n\t\t\t\t\t\tEs una escultura ic\u00f3nica de Cartagena de Indias, elaborada por Eladio Gil. Es un s\u00edmbolo del proceso de mestizaje de dos razas y adaptaci\u00f3n de la cultura espa\u00f1ola por parte de las comunidades aut\u00f3ctonas de la costa norte colombiana.\t\t\t\t\t<\/div>\n\t\t\t\t\n\t\t\t\t\t\t\t<\/div>\n\t\t\t\t\t\t<\/div>\n\t\t\t\t\t\t<\/div>\n\t\t\t\t<\/div>\n\t\t\t\t<\/div>\n\t\t\t\t<\/div>\n\t\t<div class=\"elementor-element elementor-element-17a73bfb e-con-full animated-fast e-flex elementor-invisible e-con e-parent\" data-id=\"17a73bfb\" data-element_type=\"container\" data-e-type=\"container\" data-settings=\"{&quot;background_background&quot;:&quot;classic&quot;,&quot;animation&quot;:&quot;fadeIn&quot;}\">\n\t\t<div class=\"elementor-element elementor-element-22d62073 e-con-full e-flex e-con e-child\" data-id=\"22d62073\" data-element_type=\"container\" data-e-type=\"container\">\n\t\t\t\t<div class=\"elementor-element elementor-element-5be873f3 elementor-cta--layout-image-right elementor-cta--valign-middle elementor-cta--mobile-layout-image-above elementor-cta--skin-classic elementor-animated-content elementor-widget elementor-widget-call-to-action\" data-id=\"5be873f3\" data-element_type=\"widget\" data-e-type=\"widget\" data-widget_type=\"call-to-action.default\">\n\t\t\t\t<div class=\"elementor-widget-container\">\n\t\t\t\t\t\t\t<div class=\"elementor-cta\">\n\t\t\t\t\t\t\t<div class=\"elementor-cta__content\">\n\t\t\t\t\n\t\t\t\t\t\t\t\t\t<h2 class=\"elementor-cta__title elementor-cta__content-item elementor-content-item\">\n\t\t\t\t\t\tPlaza de las B\u00f3vedas\t\t\t\t\t<\/h2>\n\t\t\t\t\n\t\t\t\t\t\t\t\t\t<div class=\"elementor-cta__description elementor-cta__content-item elementor-content-item\">\n\t\t\t\t\t\tEs una estructura ubicada entre los baluartes de Santa Catalina y Santa Clara, que consta de 47 arcos y 23 b\u00f3vedas. Fue construida a prueba de ataques explosivos, con el fin de alojar a las tropas reales espa\u00f1olas, guardar municiones y defender la muralla.\t\t\t\t\t<\/div>\n\t\t\t\t\n\t\t\t\t\t\t\t<\/div>\n\t\t\t\t\t\t<\/div>\n\t\t\t\t\t\t<\/div>\n\t\t\t\t<\/div>\n\t\t\t\t<\/div>\n\t\t<div class=\"elementor-element elementor-element-36beeb73 e-con-full e-flex e-con e-child\" data-id=\"36beeb73\" data-element_type=\"container\" data-e-type=\"container\">\n\t\t<div class=\"elementor-element elementor-element-2603603c e-grid e-con-full e-con e-child\" data-id=\"2603603c\" data-element_type=\"container\" data-e-type=\"container\">\n\t\t\t\t<div class=\"elementor-element elementor-element-1e960619 elementor-widget elementor-widget-image\" data-id=\"1e960619\" data-element_type=\"widget\" data-e-type=\"widget\" data-widget_type=\"image.default\">\n\t\t\t\t<div class=\"elementor-widget-container\">\n\t\t\t\t\t\t\t\t\t\t\t\t\t\t\t<img decoding=\"async\" src=\"https:\/\/santaceciliahotel.com.co\/wp-content\/uploads\/2025\/07\/Boveda-Ganem-Suites-Cartagena-1.webp\" title=\"\" alt=\"\" loading=\"lazy\" \/>\t\t\t\t\t\t\t\t\t\t\t\t\t\t\t<\/div>\n\t\t\t\t<\/div>\n\t\t\t\t<\/div>\n\t\t\t\t<\/div>\n\t\t\t\t<\/div>\n\t\t<div class=\"elementor-element elementor-element-1cce31b e-con-full animated-fast e-flex elementor-invisible e-con e-parent\" data-id=\"1cce31b\" data-element_type=\"container\" data-e-type=\"container\" data-settings=\"{&quot;background_background&quot;:&quot;classic&quot;,&quot;animation&quot;:&quot;fadeIn&quot;}\">\n\t\t<div class=\"elementor-element elementor-element-0a22b50 e-con-full e-flex e-con e-child\" data-id=\"0a22b50\" data-element_type=\"container\" data-e-type=\"container\">\n\t\t\t\t<div class=\"elementor-element elementor-element-386e3e5 elementor-widget elementor-widget-image\" data-id=\"386e3e5\" data-element_type=\"widget\" data-e-type=\"widget\" data-widget_type=\"image.default\">\n\t\t\t\t<div class=\"elementor-widget-container\">\n\t\t\t\t\t\t\t\t\t\t\t\t\t\t\t<img fetchpriority=\"high\" decoding=\"async\" width=\"800\" height=\"534\" src=\"https:\/\/santaceciliahotel.com.co\/wp-content\/uploads\/2025\/08\/Espacios-Hotel-Santa-Cecilia-Cartagena-6-1024x683.webp\" class=\"attachment-large size-large wp-image-1993\" alt=\"\" srcset=\"https:\/\/santaceciliahotel.com.co\/wp-content\/uploads\/2025\/08\/Espacios-Hotel-Santa-Cecilia-Cartagena-6-1024x683.webp 1024w, https:\/\/santaceciliahotel.com.co\/wp-content\/uploads\/2025\/08\/Espacios-Hotel-Santa-Cecilia-Cartagena-6-300x200.webp 300w, https:\/\/santaceciliahotel.com.co\/wp-content\/uploads\/2025\/08\/Espacios-Hotel-Santa-Cecilia-Cartagena-6-768x512.webp 768w, https:\/\/santaceciliahotel.com.co\/wp-content\/uploads\/2025\/08\/Espacios-Hotel-Santa-Cecilia-Cartagena-6-1536x1025.webp 1536w, https:\/\/santaceciliahotel.com.co\/wp-content\/uploads\/2025\/08\/Espacios-Hotel-Santa-Cecilia-Cartagena-6.webp 1920w\" sizes=\"(max-width: 800px) 100vw, 800px\" \/>\t\t\t\t\t\t\t\t\t\t\t\t\t\t\t<\/div>\n\t\t\t\t<\/div>\n\t\t\t\t<\/div>\n\t\t<div class=\"elementor-element elementor-element-dcd4d73 e-con-full e-flex e-con e-child\" data-id=\"dcd4d73\" data-element_type=\"container\" data-e-type=\"container\">\n\t\t\t\t<div class=\"elementor-element elementor-element-e02033a elementor-cta--layout-image-right elementor-cta--valign-middle elementor-cta--mobile-layout-image-above elementor-cta--skin-classic elementor-animated-content elementor-widget elementor-widget-call-to-action\" data-id=\"e02033a\" data-element_type=\"widget\" data-e-type=\"widget\" data-widget_type=\"call-to-action.default\">\n\t\t\t\t<div class=\"elementor-widget-container\">\n\t\t\t\t\t\t\t<div class=\"elementor-cta\">\n\t\t\t\t\t\t\t<div class=\"elementor-cta__content\">\n\t\t\t\t\n\t\t\t\t\t\t\t\t\t<h2 class=\"elementor-cta__title elementor-cta__content-item elementor-content-item\">\n\t\t\t\t\t\tGetseman\u00ed\t\t\t\t\t<\/h2>\n\t\t\t\t\n\t\t\t\t\t\t\t\t\t<div class=\"elementor-cta__description elementor-cta__content-item elementor-content-item\">\n\t\t\t\t\t\tZona emblem\u00e1tica de Cartagena, cuna de la gesta de Independencia en 1811 y escenario de contraste de culturas atra\u00eddas por el fervor que despierta su patrimonio arquitect\u00f3nico y cultural. De arrabal de la colonia a uno de los 12 barrios \"m\u00e1s cool\" del mundo, seg\u00fan la revista Forbes (2018).\t\t\t\t\t<\/div>\n\t\t\t\t\n\t\t\t\t\t\t\t<\/div>\n\t\t\t\t\t\t<\/div>\n\t\t\t\t\t\t<\/div>\n\t\t\t\t<\/div>\n\t\t\t\t<\/div>\n\t\t\t\t<\/div>\n\t\t<div class=\"elementor-element elementor-element-acf841d e-con-full animated-fast e-flex elementor-invisible e-con e-parent\" data-id=\"acf841d\" data-element_type=\"container\" data-e-type=\"container\" data-settings=\"{&quot;background_background&quot;:&quot;classic&quot;,&quot;animation&quot;:&quot;fadeIn&quot;}\">\n\t\t<div class=\"elementor-element elementor-element-bf908c4 e-con-full e-flex e-con e-child\" data-id=\"bf908c4\" data-element_type=\"container\" data-e-type=\"container\">\n\t\t\t\t<div class=\"elementor-element elementor-element-86fbaf2 elementor-widget elementor-widget-heading\" data-id=\"86fbaf2\" data-element_type=\"widget\" data-e-type=\"widget\" data-widget_type=\"heading.default\">\n\t\t\t\t<div class=\"elementor-widget-container\">\n\t\t\t\t\t<h2 class=\"elementor-heading-title elementor-size-default\">Vis\u00edtanos<\/h2>\t\t\t\t<\/div>\n\t\t\t\t<\/div>\n\t\t\t\t<div class=\"elementor-element elementor-element-bf4ec70 elementor-widget elementor-widget-text-editor\" data-id=\"bf4ec70\" data-element_type=\"widget\" data-e-type=\"widget\" data-widget_type=\"text-editor.default\">\n\t\t\t\t<div class=\"elementor-widget-container\">\n\t\t\t\t\t\t\t\t\t<p>Estamos a 300m del Centro de Convenciones Cartagena de Indias y de la Plaza de La Trinidad. A solo 20 minutos del Aeropuerto Internacional Rafael N\u00fa\u00f1ez.<\/p>\t\t\t\t\t\t\t\t<\/div>\n\t\t\t\t<\/div>\n\t\t\t\t<\/div>\n\t\t\t\t<\/div>\n\t\t\t\t<\/div>\n\t\t","protected":false},"excerpt":{"rendered":"<p>Destinos Cartagena de Indias, ciudad Patrimonio de la humanidad, es una maravilla arquitect\u00f3nica, cultural, art\u00edstica. Disfruta sus 491 a\u00f1os de historia, admirando sus calles coloniales, entremezcladas con palacios de estilo andaluz, edificios republicanos y el conjunto de fortificaciones m\u00e1s completo de toda Sudam\u00e9rica. Ciudad Amurallada La Ciudad Amurallada de Cartagena, en la costa caribe\u00f1a de [&hellip;]<\/p>\n","protected":false},"author":2,"featured_media":0,"parent":0,"menu_order":0,"comment_status":"closed","ping_status":"closed","template":"elementor_header_footer","meta":{"_joinchat":[],"footnotes":""},"class_list":["post-1436","page","type-page","status-publish","hentry"],"_links":{"self":[{"href":"https:\/\/santaceciliahotel.com.co\/en\/wp-json\/wp\/v2\/pages\/1436","targetHints":{"allow":["GET"]}}],"collection":[{"href":"https:\/\/santaceciliahotel.com.co\/en\/wp-json\/wp\/v2\/pages"}],"about":[{"href":"https:\/\/santaceciliahotel.com.co\/en\/wp-json\/wp\/v2\/types\/page"}],"author":[{"embeddable":true,"href":"https:\/\/santaceciliahotel.com.co\/en\/wp-json\/wp\/v2\/users\/2"}],"replies":[{"embeddable":true,"href":"https:\/\/santaceciliahotel.com.co\/en\/wp-json\/wp\/v2\/comments?post=1436"}],"version-history":[{"count":42,"href":"https:\/\/santaceciliahotel.com.co\/en\/wp-json\/wp\/v2\/pages\/1436\/revisions"}],"predecessor-version":[{"id":2259,"href":"https:\/\/santaceciliahotel.com.co\/en\/wp-json\/wp\/v2\/pages\/1436\/revisions\/2259"}],"wp:attachment":[{"href":"https:\/\/santaceciliahotel.com.co\/en\/wp-json\/wp\/v2\/media?parent=1436"}],"curies":[{"name":"wp","href":"https:\/\/api.w.org\/{rel}","templated":true}]}}