{"id":2124,"date":"2025-09-01T11:02:44","date_gmt":"2025-09-01T16:02:44","guid":{"rendered":"https:\/\/santaceciliahotel.com.co\/?page_id=2124"},"modified":"2025-10-01T12:39:00","modified_gmt":"2025-10-01T17:39:00","slug":"politicas-y-condiciones","status":"publish","type":"page","link":"https:\/\/santaceciliahotel.com.co\/en\/politicas-y-condiciones\/","title":{"rendered":"Pol\u00edticas y Condiciones"},"content":{"rendered":"\t\t<div data-elementor-type=\"wp-page\" data-elementor-id=\"2124\" class=\"elementor elementor-2124\" data-elementor-post-type=\"page\">\n\t\t\t\t<div class=\"elementor-element elementor-element-bed9b1d e-con-full e-flex e-con e-parent\" data-id=\"bed9b1d\" data-element_type=\"container\" data-e-type=\"container\" data-settings=\"{&quot;background_background&quot;:&quot;slideshow&quot;,&quot;background_slideshow_gallery&quot;:[{&quot;id&quot;:2131,&quot;url&quot;:&quot;https:\\\/\\\/santaceciliahotel.com.co\\\/wp-content\\\/uploads\\\/2025\\\/09\\\/Ticoangulo.com-Tico-Angulo-Ganem-Suites_ICO3958-1-2-scaled-1.webp&quot;},{&quot;id&quot;:2134,&quot;url&quot;:&quot;https:\\\/\\\/santaceciliahotel.com.co\\\/wp-content\\\/uploads\\\/2025\\\/09\\\/Ganem-Suits-Tico-Angulo-Cartagena-Centro-historico-TIC02815-1-scaled-1.webp&quot;}],&quot;background_slideshow_transition_duration&quot;:900,&quot;background_slideshow_loop&quot;:&quot;yes&quot;,&quot;background_slideshow_slide_duration&quot;:5000,&quot;background_slideshow_slide_transition&quot;:&quot;fade&quot;}\">\n\t\t\t\t<div class=\"elementor-element elementor-element-6c27ad56 elementor-widget elementor-widget-theme-post-title elementor-page-title elementor-widget-heading\" data-id=\"6c27ad56\" data-element_type=\"widget\" data-e-type=\"widget\" data-widget_type=\"theme-post-title.default\">\n\t\t\t\t<div class=\"elementor-widget-container\">\n\t\t\t\t\t<h1 class=\"elementor-heading-title elementor-size-default\">Pol\u00edticas y Condiciones<\/h1>\t\t\t\t<\/div>\n\t\t\t\t<\/div>\n\t\t\t\t<\/div>\n\t\t<div class=\"elementor-element elementor-element-33c2a4b2 e-flex e-con-boxed e-con e-parent\" data-id=\"33c2a4b2\" data-element_type=\"container\" data-e-type=\"container\" data-settings=\"{&quot;background_background&quot;:&quot;classic&quot;}\">\n\t\t\t\t\t<div class=\"e-con-inner\">\n\t\t\t\t<div class=\"elementor-element elementor-element-44a19f8e elementor-widget elementor-widget-text-editor\" data-id=\"44a19f8e\" data-element_type=\"widget\" data-e-type=\"widget\" data-widget_type=\"text-editor.default\">\n\t\t\t\t<div class=\"elementor-widget-container\">\n\t\t\t\t\t\t\t\t\t<h1><strong>Pol\u00edticas y condiciones de la Reserva:<\/strong><\/h1><p><strong>Hora de Check In<\/strong>\u00a0desde las 3:00 p.m. |\u00a0<strong>Hora de Check Out<\/strong>\u00a0hasta las 12:00 p.m.<\/p><ul><li><strong>*La tarifa Incluye:<\/strong>\u00a0Desayuno tipo americano servido en nuestro restaurante de 6:30 am a 09:30 am e internet wifi.<\/li><\/ul><h2><strong>Cancelaci\u00f3n:<\/strong><\/h2><p>Su reserva puede ser modificada o cancelada hasta 48 horas antes de la fecha prevista para ingreso al Hotel sin cobro de penalidad. Posterior a este tiempo, el Hotel se reservar\u00e1 el derecho de generar el cobro correspondiente al valor total de la reserva, aplicable tambi\u00e9n para casos de No-Show en que no se presente el d\u00eda de la reserva.<\/p><h2><strong>Registro anticipado (Early Check In):<\/strong><\/h2><p>Sujeta a disponibilidad y al cobro del 50% de la tarifa pactada + IVA de una noche para aquellos clientes que deseen ser registrados entre las 10:00 a.m. y 3:00 p.m. Salida tard\u00eda o posterior a la hora establecida por el Hotel (Late Check Out): Para quienes deseen entregar su habitaci\u00f3n entre las 11:00 a.m. y las 6:00 p.m., se cobrar\u00e1 el 50% de la tarifa pactada + IVA, sujeta a disponibilidad.<\/p><h2><strong>Acompa\u00f1antes:<\/strong><\/h2><p>Consulte las tarifas preferenciales para alojamiento en acomodaciones m\u00faltiples en caso de que requiera compartir su habitaci\u00f3n para disfrutar en familia. Acompa\u00f1antes ocasionales o el ingreso de visitantes a las habitaciones est\u00e1 restringido. Recomendamos al momento de generar su reserva de habitaci\u00f3n, informar los datos de las personas que le acompa\u00f1ar\u00e1n en su estad\u00eda con nosotros.<\/p><h1><strong>REGISTRO DE MENORES DE EDAD<\/strong><\/h1><p>Si viaja con su(s) hijo(s) menor(es) de 18 a\u00f1os, debe presentar el documento de identificaci\u00f3n del(los) menor(es) de edad (registro civil), que demuestre la existencia del parentesco. Si el(los) menor(es) de edad no viaja(n) en compa\u00f1\u00eda de sus padres, usted deber\u00e1 entregar en la recepci\u00f3n, adicionalmente al documento de identificaci\u00f3n del menor (registro civil), el permiso de los padres, el cual deber\u00e1 estar autenticado por un Notario y acompa\u00f1ado de la copia del documento de identificaci\u00f3n de quienes dieron la autorizaci\u00f3n. Sin esta documentaci\u00f3n no se permite el ingreso de los menores de edad al hotel. Lo anterior en desarrollo a lo dispuesto en la Ley 679 de 2001, Estatuto para Prevenir la Explotaci\u00f3n Sexual de Ni\u00f1os, Ni\u00f1as y Adolescentes y sus normas concordantes.<\/p><h2><strong>Restricciones:<\/strong><\/h2><p><strong>Hotel Santa Cecilia B&amp;B<\/strong>\u00a0est\u00e1 comprometido con proveer a sus hu\u00e9spedes espacios 100% libres de humo, por lo que, si Usted fuma dentro de la habitaci\u00f3n o en \u00e1reas cerradas, se generar\u00e1 un cargo por penalizaci\u00f3n y desodorizaci\u00f3n a su cuenta por valor de COP $150.000 diario. Por ello, le recomendamos fumar fuera de las instalaciones del Hotel.<\/p>\t\t\t\t\t\t\t\t<\/div>\n\t\t\t\t<\/div>\n\t\t\t\t\t<\/div>\n\t\t\t\t<\/div>\n\t\t\t\t<\/div>\n\t\t","protected":false},"excerpt":{"rendered":"<p>Pol\u00edticas y condiciones de la Reserva: Hora de Check In\u00a0desde las 3:00 p.m. |\u00a0Hora de Check Out\u00a0hasta las 12:00 p.m. *La tarifa Incluye:\u00a0Desayuno tipo americano servido en nuestro restaurante de 6:30 am a 09:30 am e internet wifi. Cancelaci\u00f3n: Su reserva puede ser modificada o cancelada hasta 48 horas antes de la fecha prevista para [&hellip;]<\/p>\n","protected":false},"author":2,"featured_media":0,"parent":0,"menu_order":0,"comment_status":"closed","ping_status":"closed","template":"elementor_header_footer","meta":{"_joinchat":[],"footnotes":""},"class_list":["post-2124","page","type-page","status-publish","hentry"],"_links":{"self":[{"href":"https:\/\/santaceciliahotel.com.co\/en\/wp-json\/wp\/v2\/pages\/2124","targetHints":{"allow":["GET"]}}],"collection":[{"href":"https:\/\/santaceciliahotel.com.co\/en\/wp-json\/wp\/v2\/pages"}],"about":[{"href":"https:\/\/santaceciliahotel.com.co\/en\/wp-json\/wp\/v2\/types\/page"}],"author":[{"embeddable":true,"href":"https:\/\/santaceciliahotel.com.co\/en\/wp-json\/wp\/v2\/users\/2"}],"replies":[{"embeddable":true,"href":"https:\/\/santaceciliahotel.com.co\/en\/wp-json\/wp\/v2\/comments?post=2124"}],"version-history":[{"count":24,"href":"https:\/\/santaceciliahotel.com.co\/en\/wp-json\/wp\/v2\/pages\/2124\/revisions"}],"predecessor-version":[{"id":2266,"href":"https:\/\/santaceciliahotel.com.co\/en\/wp-json\/wp\/v2\/pages\/2124\/revisions\/2266"}],"wp:attachment":[{"href":"https:\/\/santaceciliahotel.com.co\/en\/wp-json\/wp\/v2\/media?parent=2124"}],"curies":[{"name":"wp","href":"https:\/\/api.w.org\/{rel}","templated":true}]}}